{"id":92,"date":"2024-09-15T18:40:57","date_gmt":"2024-09-15T16:40:57","guid":{"rendered":"https:\/\/sachotnumerique.com\/?page_id=92"},"modified":"2024-10-26T14:39:53","modified_gmt":"2024-10-26T12:39:53","slug":"charte","status":"publish","type":"page","link":"https:\/\/sachotnumerique.com\/index.php\/charte\/","title":{"rendered":"Notre Charte"},"content":{"rendered":"\n<p><strong>CHARTE DE CONFIANCE ET D\u2019ENGAGEMENT<\/strong><\/p>\n\n\n\n<ol class=\"wp-block-list\">\n<li><strong>Protection Absolue de Vos Donn\u00e9es<\/strong><br>La s\u00e9curit\u00e9 de vos donn\u00e9es est notre priorit\u00e9 absolue. Nous traitons vos informations personnelles avec le<br>plus grand soin et mettons en place des mesures rigoureuses pour garantir leur confidentialit\u00e9.<\/li>\n\n\n\n<li><strong>Confidentialit\u00e9 Totale<\/strong><br>Nous nous engageons \u00e0 ne jamais partager, vendre, ou divulguer vos donn\u00e9es \u00e0 des tiers.<br>Chaque intervention est r\u00e9alis\u00e9 dans le respect le plus strict de votre vie priv\u00e9e.<\/li>\n\n\n\n<li><strong>Sauvegarde S\u00e9curis\u00e9e (Sur Demande)<\/strong><br>Si vous le souhaitez, nous offrons une sauvegarde de vos donn\u00e9es importantes sur notre serveur s\u00e9curis\u00e9<br>pendant 6 mois, avec acc\u00e8s exclusif pour vous. Vos donn\u00e9es sont stock\u00e9es sur un serveur de fichiers<br>s\u00e9curis\u00e9, physiquement situ\u00e9 dans un coffre-fort pour une protection maximale. Cette option est disponible<br>uniquement sur demande.<\/li>\n\n\n\n<li><strong>Transparence des Tarifs<\/strong><br>Nos tarifs sont clairs et sans surprise. Avant toute intervention, nous vous fournissons un devis d\u00e9taill\u00e9 pour<br>que vous sachiez exactement ce que vous payez. Si nous identifions des \u00e9l\u00e9ments \u00e0 remplacer ou des<br>travaux suppl\u00e9mentaires \u00e0 effectuer, nous vous consultons toujours avant de proc\u00e9der, afin de vous informer<br>des co\u00fbts additionnels par rapport au devis initial.<\/li>\n\n\n\n<li><strong>Qualit\u00e9 des Pi\u00e8ces et Logiciels<\/strong><br>Nous utilisons uniquement des composants et logiciels de qualit\u00e9, provenant de fournisseurs fiables, pour<br>garantir la durabilit\u00e9 et la performance de vos \u00e9quipements.<\/li>\n\n\n\n<li><strong>Conseil Personnalis\u00e9<\/strong><br>Nous vous offrons des conseils sur mesure, adapt\u00e9s \u00e0 vos besoins sp\u00e9cifiques, que ce soit pour un<br>d\u00e9pannage, une mise \u00e0 niveau ou l&rsquo;achat d&rsquo;un nouvel \u00e9quipement.<\/li>\n\n\n\n<li><strong>\u00c9thique et Int\u00e9grit\u00e9<\/strong><br>Nous agissons avec int\u00e9grit\u00e9 et honn\u00eatet\u00e9 dans toutes nos interactions. Vous pouvez compter sur nous pour<br>\u00eatre transparents et honn\u00eates dans tous les aspects de notre service.<\/li>\n\n\n\n<li><strong>Respect de l\u2019Environnement<\/strong><br>Nous nous engageons \u00e0 recycler et \u00e0 g\u00e9rer de mani\u00e8re responsable les d\u00e9chets \u00e9lectroniques, contribuant<br>ainsi \u00e0 la protection de notre environnement<\/li>\n<\/ol>\n\n\n\n<figure class=\"wp-block-image size-full is-resized is-style-default\"><a href=\"https:\/\/sachotnumerique.com\/\"><img loading=\"lazy\" decoding=\"async\" width=\"512\" height=\"512\" src=\"http:\/\/sachotnumerique.com\/wp-content\/uploads\/2024\/10\/cropped-IMG_3003.jpg\" alt=\"\" class=\"wp-image-179\" style=\"width:62px;height:auto\" srcset=\"https:\/\/sachotnumerique.com\/wp-content\/uploads\/2024\/10\/cropped-IMG_3003.jpg 512w, https:\/\/sachotnumerique.com\/wp-content\/uploads\/2024\/10\/cropped-IMG_3003-300x300.jpg 300w, https:\/\/sachotnumerique.com\/wp-content\/uploads\/2024\/10\/cropped-IMG_3003-150x150.jpg 150w, https:\/\/sachotnumerique.com\/wp-content\/uploads\/2024\/10\/cropped-IMG_3003-270x270.jpg 270w, https:\/\/sachotnumerique.com\/wp-content\/uploads\/2024\/10\/cropped-IMG_3003-192x192.jpg 192w, https:\/\/sachotnumerique.com\/wp-content\/uploads\/2024\/10\/cropped-IMG_3003-180x180.jpg 180w, https:\/\/sachotnumerique.com\/wp-content\/uploads\/2024\/10\/cropped-IMG_3003-32x32.jpg 32w\" sizes=\"auto, (max-width: 512px) 100vw, 512px\" \/><\/a><\/figure>\n","protected":false},"excerpt":{"rendered":"<p>CHARTE DE CONFIANCE ET D\u2019ENGAGEMENT<\/p>\n","protected":false},"author":1,"featured_media":0,"parent":0,"menu_order":0,"comment_status":"closed","ping_status":"closed","template":"","meta":{"footnotes":""},"class_list":["post-92","page","type-page","status-publish","hentry"],"_links":{"self":[{"href":"https:\/\/sachotnumerique.com\/index.php\/wp-json\/wp\/v2\/pages\/92","targetHints":{"allow":["GET"]}}],"collection":[{"href":"https:\/\/sachotnumerique.com\/index.php\/wp-json\/wp\/v2\/pages"}],"about":[{"href":"https:\/\/sachotnumerique.com\/index.php\/wp-json\/wp\/v2\/types\/page"}],"author":[{"embeddable":true,"href":"https:\/\/sachotnumerique.com\/index.php\/wp-json\/wp\/v2\/users\/1"}],"replies":[{"embeddable":true,"href":"https:\/\/sachotnumerique.com\/index.php\/wp-json\/wp\/v2\/comments?post=92"}],"version-history":[{"count":5,"href":"https:\/\/sachotnumerique.com\/index.php\/wp-json\/wp\/v2\/pages\/92\/revisions"}],"predecessor-version":[{"id":389,"href":"https:\/\/sachotnumerique.com\/index.php\/wp-json\/wp\/v2\/pages\/92\/revisions\/389"}],"wp:attachment":[{"href":"https:\/\/sachotnumerique.com\/index.php\/wp-json\/wp\/v2\/media?parent=92"}],"curies":[{"name":"wp","href":"https:\/\/api.w.org\/{rel}","templated":true}]}}