{"id":69,"date":"2024-09-15T14:29:09","date_gmt":"2024-09-15T12:29:09","guid":{"rendered":"https:\/\/sachotnumerique.com\/?page_id=69"},"modified":"2024-10-24T09:19:32","modified_gmt":"2024-10-24T07:19:32","slug":"mike-sachot","status":"publish","type":"page","link":"https:\/\/sachotnumerique.com\/index.php\/mike-sachot\/","title":{"rendered":"Mike SACHOT"},"content":{"rendered":"\n<figure class=\"wp-block-image size-large is-resized\"><img loading=\"lazy\" decoding=\"async\" width=\"740\" height=\"1024\" src=\"https:\/\/sachotnumerique.com\/wp-content\/uploads\/2024\/09\/IMG_1183-1-740x1024.jpeg\" alt=\"\" class=\"wp-image-76\" style=\"width:206px;height:auto\" srcset=\"https:\/\/sachotnumerique.com\/wp-content\/uploads\/2024\/09\/IMG_1183-1-740x1024.jpeg 740w, https:\/\/sachotnumerique.com\/wp-content\/uploads\/2024\/09\/IMG_1183-1-217x300.jpeg 217w, https:\/\/sachotnumerique.com\/wp-content\/uploads\/2024\/09\/IMG_1183-1-768x1063.jpeg 768w, https:\/\/sachotnumerique.com\/wp-content\/uploads\/2024\/09\/IMG_1183-1-1110x1536.jpeg 1110w, https:\/\/sachotnumerique.com\/wp-content\/uploads\/2024\/09\/IMG_1183-1-1480x2048.jpeg 1480w, https:\/\/sachotnumerique.com\/wp-content\/uploads\/2024\/09\/IMG_1183-1-scaled.jpeg 1850w\" sizes=\"auto, (max-width: 740px) 100vw, 740px\" \/><\/figure>\n\n\n\n<p>Fondateur de SACHOT num\u00e9rique, Mike est un expert en informatique avec plus de 20 ans d\u2019exp\u00e9rience dans le domaine des services IT. Son parcours l\u2019a men\u00e9 \u00e0 travers diff\u00e9rents pays et secteurs, lui permettant d\u2019acqu\u00e9rir une expertise approfondie qu\u2019il met aujourd\u2019hui au service des associations, entreprises et particuliers.<\/p>\n\n\n\n<p>Un parcours international dans les services informatiques<\/p>\n\n\n\n<p>Mike a commenc\u00e9 sa carri\u00e8re au Royaume-Uni en 2002, o\u00f9 il a cr\u00e9\u00e9 sa premi\u00e8re entreprise de services informatiques. Rapidement, il a r\u00e9uni une \u00e9quipe de 5 collaborateurs et d\u00e9velopp\u00e9 un r\u00e9seau de partenaires professionnels, lui permettant de r\u00e9pondre aux besoins vari\u00e9s de ses clients, qu\u2019ils soient utilisateurs particuliers, entreprises ou \u00e9tablissements scolaires.<\/p>\n\n\n\n<p>En 2006, il s\u2019installe en France, dans la r\u00e9gion Centre, o\u00f9 il relance ses activit\u00e9s en se concentrant sur des clients aussi divers que les particuliers, les professions m\u00e9dicales et m\u00eame la police. Son sens du service et sa ma\u00eetrise des technologies lui ont permis de b\u00e2tir une solide r\u00e9putation.<\/p>\n\n\n\n<p>De Paris \u00e0 la Vend\u00e9e<\/p>\n\n\n\n<p>Par la suite, Mike passe plusieurs ann\u00e9es \u00e0 Paris, o\u00f9 il g\u00e8re les services IT pour un centre d\u2019appels et une soci\u00e9t\u00e9 de services professionnels employant plus de 300 personnes. Cette exp\u00e9rience a affin\u00e9 sa capacit\u00e9 \u00e0 superviser des infrastructures complexes et \u00e0 r\u00e9pondre aux besoins d\u2019organisations de grande envergure.<\/p>\n\n\n\n<p>C\u2019est en 2018 que Mike d\u00e9couvre la Vend\u00e9e lors d\u2019un week-end pour rencontrer celle qui deviendra son \u00e9pouse. S\u00e9duit par la r\u00e9gion et par l\u2019amour, il d\u00e9cide de s\u2019y installer d\u00e9finitivement. Ils se marient en 2020, marquant une nouvelle \u00e9tape dans sa vie personnelle et professionnelle.<\/p>\n\n\n\n<p>Un engagement envers la communaut\u00e9 locale<\/p>\n\n\n\n<p>Depuis son arriv\u00e9e en Vend\u00e9e, Mike continue de partager son savoir-faire en travaillant en tant que conseiller num\u00e9rique pour plusieurs communes dans le cadre de France Services. Il aide ainsi les r\u00e9sidents \u00e0 naviguer dans le monde num\u00e9rique et \u00e0 accomplir leurs d\u00e9marches administratives en ligne. Actuellement, il est \u00e9galement conseiller num\u00e9rique pour la Mairie de La Chaize-le-Vicomte, o\u00f9 il consacre quelques heures par semaine \u00e0 l\u2019\u00e9ducation et \u00e0 l\u2019accompagnement de sa communaut\u00e9 locale.<\/p>\n\n\n\n<p>En parall\u00e8le, Mike partage son expertise avec la nouvelle g\u00e9n\u00e9ration en donnant des cours dans deux universit\u00e9s, preuve de son engagement \u00e0 transmettre ses connaissances et \u00e0 aider les autres \u00e0 d\u00e9velopper leurs comp\u00e9tences num\u00e9riques.<\/p>\n\n\n\n<p><em>\u00ab\u00a0G\u00e9rer la vie num\u00e9rique des personnes, entreprises et des institutions publiques, c&rsquo;est avant tout une question de confiance\u00a0\u00bb &#8211; <strong>Mike SACHOT<\/strong><\/em><\/p>\n\n\n\n<figure class=\"wp-block-image size-full is-resized is-style-default\"><a href=\"https:\/\/sachotnumerique.com\/\"><img loading=\"lazy\" decoding=\"async\" width=\"512\" height=\"512\" src=\"http:\/\/sachotnumerique.com\/wp-content\/uploads\/2024\/10\/cropped-IMG_3003.jpg\" alt=\"\" class=\"wp-image-179\" style=\"width:62px;height:auto\" srcset=\"https:\/\/sachotnumerique.com\/wp-content\/uploads\/2024\/10\/cropped-IMG_3003.jpg 512w, https:\/\/sachotnumerique.com\/wp-content\/uploads\/2024\/10\/cropped-IMG_3003-300x300.jpg 300w, https:\/\/sachotnumerique.com\/wp-content\/uploads\/2024\/10\/cropped-IMG_3003-150x150.jpg 150w, https:\/\/sachotnumerique.com\/wp-content\/uploads\/2024\/10\/cropped-IMG_3003-270x270.jpg 270w, https:\/\/sachotnumerique.com\/wp-content\/uploads\/2024\/10\/cropped-IMG_3003-192x192.jpg 192w, https:\/\/sachotnumerique.com\/wp-content\/uploads\/2024\/10\/cropped-IMG_3003-180x180.jpg 180w, https:\/\/sachotnumerique.com\/wp-content\/uploads\/2024\/10\/cropped-IMG_3003-32x32.jpg 32w\" sizes=\"auto, (max-width: 512px) 100vw, 512px\" \/><\/a><figcaption class=\"wp-element-caption\">Accueil&#8230;<\/figcaption><\/figure>\n\n\n\n<p><\/p>\n","protected":false},"excerpt":{"rendered":"<p>Fondateur de SACHOT num\u00e9rique, Mike est un expert en informatique avec plus de 20 ans d\u2019exp\u00e9rience dans le domaine des services IT. Son parcours l\u2019a men\u00e9 \u00e0 travers diff\u00e9rents pays et secteurs, lui permettant d\u2019acqu\u00e9rir une expertise approfondie qu\u2019il met aujourd\u2019hui au service des associations, entreprises et particuliers. Un parcours international dans les services informatiques [&hellip;]<\/p>\n","protected":false},"author":1,"featured_media":0,"parent":0,"menu_order":0,"comment_status":"closed","ping_status":"closed","template":"","meta":{"footnotes":""},"class_list":["post-69","page","type-page","status-publish","hentry"],"_links":{"self":[{"href":"https:\/\/sachotnumerique.com\/index.php\/wp-json\/wp\/v2\/pages\/69","targetHints":{"allow":["GET"]}}],"collection":[{"href":"https:\/\/sachotnumerique.com\/index.php\/wp-json\/wp\/v2\/pages"}],"about":[{"href":"https:\/\/sachotnumerique.com\/index.php\/wp-json\/wp\/v2\/types\/page"}],"author":[{"embeddable":true,"href":"https:\/\/sachotnumerique.com\/index.php\/wp-json\/wp\/v2\/users\/1"}],"replies":[{"embeddable":true,"href":"https:\/\/sachotnumerique.com\/index.php\/wp-json\/wp\/v2\/comments?post=69"}],"version-history":[{"count":8,"href":"https:\/\/sachotnumerique.com\/index.php\/wp-json\/wp\/v2\/pages\/69\/revisions"}],"predecessor-version":[{"id":272,"href":"https:\/\/sachotnumerique.com\/index.php\/wp-json\/wp\/v2\/pages\/69\/revisions\/272"}],"wp:attachment":[{"href":"https:\/\/sachotnumerique.com\/index.php\/wp-json\/wp\/v2\/media?parent=69"}],"curies":[{"name":"wp","href":"https:\/\/api.w.org\/{rel}","templated":true}]}}