{"id":61,"date":"2024-09-15T09:34:52","date_gmt":"2024-09-15T07:34:52","guid":{"rendered":"https:\/\/sachotnumerique.com\/?page_id=61"},"modified":"2024-10-26T14:34:10","modified_gmt":"2024-10-26T12:34:10","slug":"particuliers","status":"publish","type":"page","link":"https:\/\/sachotnumerique.com\/index.php\/particuliers\/","title":{"rendered":"Particuliers"},"content":{"rendered":"\n<div class=\"wp-block-media-text is-stacked-on-mobile\"><figure class=\"wp-block-media-text__media\"><video controls src=\"https:\/\/sachotnumerique.com\/wp-content\/uploads\/2024\/10\/PC-Lent-.mp4\"><\/video><\/figure><div class=\"wp-block-media-text__content\">\n<p><\/p>\n<\/div><\/div>\n\n\n\n<p><\/p>\n\n\n\n<p><strong>Liste des services aux particuliers :<\/strong><\/p>\n\n\n\n<ul class=\"wp-block-list\">\n<li><strong>Maintenance<\/strong><\/li>\n\n\n\n<li><strong>R\u00e9parations<\/strong><\/li>\n\n\n\n<li><strong>Installations<\/strong><\/li>\n\n\n\n<li><strong>Gestion des donn\u00e9es <\/strong><\/li>\n\n\n\n<li><strong>Services de sauvegarde s\u00e9curis\u00e9es <\/strong><\/li>\n\n\n\n<li><strong>S\u00e9curit\u00e9<\/strong> <strong>num\u00e9rique<\/strong> <\/li>\n\n\n\n<li><strong>S\u00e9curit\u00e9 domestique (alarmes, cam\u00e9ras etc.)<\/strong><\/li>\n\n\n\n<li><strong>R\u00e9seau domestique WiFi \/ c\u00e2ble <\/strong><\/li>\n\n\n\n<li><strong>Constats pour assurances <\/strong><\/li>\n\n\n\n<li><strong>Constats suite fraude\/arnaque<\/strong> <strong>pour police, banques, assurances etc. <\/strong><\/li>\n\n\n\n<li><strong>Assistance s\u00e9paration vie num\u00e9rique suite divorce etc. <\/strong><\/li>\n<\/ul>\n\n\n\n<p><\/p>\n\n\n\n<p><strong>Types d\u2019\u00e9quipements :<\/strong><\/p>\n\n\n\n<ul class=\"wp-block-list\">\n<li>Ordinateurs fixes &amp; Portables<\/li>\n\n\n\n<li>Smartphones<\/li>\n\n\n\n<li>Imprimantes<\/li>\n\n\n\n<li>Tablettes<\/li>\n\n\n\n<li>Box Internet<\/li>\n\n\n\n<li>T\u00e9l\u00e9vision<\/li>\n<\/ul>\n\n\n\n<h2 class=\"wp-block-heading\">Horaires Particuliers :<\/h2>\n\n\n\n<p>mardi &#8211; vendredi 09h00 \u00e0 18h00<\/p>\n\n\n\n<p>samedi &#8211; 09h00 \u00e0 12h30<\/p>\n\n\n\n<p><a href=\"mailto:contact@sachotnumerique.com\">contact@sachotnumerique.com<\/a><\/p>\n\n\n\n<p>Nous contacter : <strong>02 85 85 58 01<\/strong><\/p>\n\n\n\n<figure class=\"wp-block-image size-full is-resized is-style-default\"><a href=\"https:\/\/sachotnumerique.com\/\"><img loading=\"lazy\" decoding=\"async\" width=\"512\" height=\"512\" src=\"http:\/\/sachotnumerique.com\/wp-content\/uploads\/2024\/10\/cropped-IMG_3003.jpg\" alt=\"\" class=\"wp-image-179\" style=\"width:62px;height:auto\" srcset=\"https:\/\/sachotnumerique.com\/wp-content\/uploads\/2024\/10\/cropped-IMG_3003.jpg 512w, https:\/\/sachotnumerique.com\/wp-content\/uploads\/2024\/10\/cropped-IMG_3003-300x300.jpg 300w, https:\/\/sachotnumerique.com\/wp-content\/uploads\/2024\/10\/cropped-IMG_3003-150x150.jpg 150w, https:\/\/sachotnumerique.com\/wp-content\/uploads\/2024\/10\/cropped-IMG_3003-270x270.jpg 270w, https:\/\/sachotnumerique.com\/wp-content\/uploads\/2024\/10\/cropped-IMG_3003-192x192.jpg 192w, https:\/\/sachotnumerique.com\/wp-content\/uploads\/2024\/10\/cropped-IMG_3003-180x180.jpg 180w, https:\/\/sachotnumerique.com\/wp-content\/uploads\/2024\/10\/cropped-IMG_3003-32x32.jpg 32w\" sizes=\"auto, (max-width: 512px) 100vw, 512px\" \/><\/a><\/figure>\n","protected":false},"excerpt":{"rendered":"<p>Liste des services aux particuliers : Types d\u2019\u00e9quipements : Horaires Particuliers : mardi &#8211; vendredi 09h00 \u00e0 18h00 samedi &#8211; 09h00 \u00e0 12h30 contact@sachotnumerique.com Nous contacter : 02 85 85 58 01<\/p>\n","protected":false},"author":1,"featured_media":0,"parent":0,"menu_order":0,"comment_status":"closed","ping_status":"closed","template":"","meta":{"footnotes":""},"class_list":["post-61","page","type-page","status-publish","hentry"],"_links":{"self":[{"href":"https:\/\/sachotnumerique.com\/index.php\/wp-json\/wp\/v2\/pages\/61","targetHints":{"allow":["GET"]}}],"collection":[{"href":"https:\/\/sachotnumerique.com\/index.php\/wp-json\/wp\/v2\/pages"}],"about":[{"href":"https:\/\/sachotnumerique.com\/index.php\/wp-json\/wp\/v2\/types\/page"}],"author":[{"embeddable":true,"href":"https:\/\/sachotnumerique.com\/index.php\/wp-json\/wp\/v2\/users\/1"}],"replies":[{"embeddable":true,"href":"https:\/\/sachotnumerique.com\/index.php\/wp-json\/wp\/v2\/comments?post=61"}],"version-history":[{"count":16,"href":"https:\/\/sachotnumerique.com\/index.php\/wp-json\/wp\/v2\/pages\/61\/revisions"}],"predecessor-version":[{"id":383,"href":"https:\/\/sachotnumerique.com\/index.php\/wp-json\/wp\/v2\/pages\/61\/revisions\/383"}],"wp:attachment":[{"href":"https:\/\/sachotnumerique.com\/index.php\/wp-json\/wp\/v2\/media?parent=61"}],"curies":[{"name":"wp","href":"https:\/\/api.w.org\/{rel}","templated":true}]}}