{"id":48,"date":"2024-09-15T08:48:24","date_gmt":"2024-09-15T06:48:24","guid":{"rendered":"https:\/\/sachotnumerique.com\/?page_id=48"},"modified":"2024-10-26T14:33:13","modified_gmt":"2024-10-26T12:33:13","slug":"professionnels","status":"publish","type":"page","link":"https:\/\/sachotnumerique.com\/index.php\/professionnels\/","title":{"rendered":"Professionnels"},"content":{"rendered":"\n<p><em><strong>Nous offrons une large gamme de services aux entreprises, associations et organisations gouvernementales, tels que :<\/strong><\/em><\/p>\n\n\n\n<p>&#8211; D\u00e9pannage <\/p>\n\n\n\n<p>&#8211; Maintenance<\/p>\n\n\n\n<p>&#8211; R\u00e9parations<\/p>\n\n\n\n<p>&#8211; Installations<\/p>\n\n\n\n<p>&#8211; Conseil<\/p>\n\n\n\n<p>&#8211; Solutions d&rsquo;impression<\/p>\n\n\n\n<p>&#8211; D\u00e9mat\u00e9rialisation<\/p>\n\n\n\n<p>&#8211; Gestion des emails, y compris Microsoft Office 365<\/p>\n\n\n\n<p>&#8211; Achat et gestion de smartphones<\/p>\n\n\n\n<p>&#8211; R\u00e9daction de proc\u00e9dures et directives num\u00e9riques<\/p>\n\n\n\n<p>&#8211; Gestion &amp; Cr\u00e9ation Sites Web (Sans ventes en ligne)<\/p>\n\n\n\n<p>&#8211; Audits de s\u00e9curit\u00e9<\/p>\n\n\n\n<p>&#8211; Analyse de productivit\u00e9 et conseil en technologies<\/p>\n\n\n\n<p>&#8211; Formation sur mesure pour les employ\u00e9s, y compris la mise en \u0153uvre de      <br>  nouvelles technologies<\/p>\n\n\n\n<p>&#8211; Gestion des sauvegardes et restauration de donn\u00e9es<\/p>\n\n\n\n<p>&#8211; D\u00e9ploiement de r\u00e9seaux et solutions Wi-Fi<\/p>\n\n\n\n<p>&#8211; Contrats de support sans exclusivit\u00e9 d&rsquo;achat<\/p>\n\n\n\n<p>&#8211; Analyse forensique et collecte de preuves<\/p>\n\n\n\n<p>&#8211; Cr\u00e9ation d\u2019une charte d\u2019utilisation num\u00e9rique pour votre organisation<\/p>\n\n\n\n<p>&#8211; Constats et rapports pour assurances.<\/p>\n\n\n\n<p><\/p>\n\n\n\n<p><strong>Pourquoi choisir SACHOT num\u00e9rique ?<\/strong><\/p>\n\n\n\n<ul class=\"wp-block-list\">\n<li>Services destin\u00e9s aux clients professionnels du <strong>Lundi au samedi 09h00 &#8211; 18h00<\/strong>.<\/li>\n\n\n\n<li>Service d&rsquo;astreinte disponible en dehors des horaires avec suppl\u00e9ment.<\/li>\n\n\n\n<li>Partenaires officiels professionnels : Seagate, Brother, ASUS, Bitdefender, AMD.<\/li>\n\n\n\n<li>22 ans d&rsquo;exp\u00e9rience au service des petites entreprises et travailleurs ind\u00e9pendants .<\/li>\n\n\n\n<li>Nous proposons des solutions efficaces et \u00e9conomiques, adapt\u00e9es aux budgets des petites entreprises, sans compromettre la qualit\u00e9 du service.<\/li>\n<\/ul>\n\n\n\n<p>Ligne t\u00e9l\u00e9phone d\u00e9di\u00e9e professionnels : <strong>09 83 83 85 85<\/strong><\/p>\n\n\n\n<p><a href=\"mailto:pro@sachotnumerique.com\">pro@sachotnumerique.com<\/a><\/p>\n\n\n\n<figure class=\"wp-block-image size-full is-resized is-style-default\"><a href=\"https:\/\/sachotnumerique.com\/\"><img loading=\"lazy\" decoding=\"async\" width=\"512\" height=\"512\" src=\"http:\/\/sachotnumerique.com\/wp-content\/uploads\/2024\/10\/cropped-IMG_3003.jpg\" alt=\"\" class=\"wp-image-179\" style=\"width:62px;height:auto\" srcset=\"https:\/\/sachotnumerique.com\/wp-content\/uploads\/2024\/10\/cropped-IMG_3003.jpg 512w, https:\/\/sachotnumerique.com\/wp-content\/uploads\/2024\/10\/cropped-IMG_3003-300x300.jpg 300w, https:\/\/sachotnumerique.com\/wp-content\/uploads\/2024\/10\/cropped-IMG_3003-150x150.jpg 150w, https:\/\/sachotnumerique.com\/wp-content\/uploads\/2024\/10\/cropped-IMG_3003-270x270.jpg 270w, https:\/\/sachotnumerique.com\/wp-content\/uploads\/2024\/10\/cropped-IMG_3003-192x192.jpg 192w, https:\/\/sachotnumerique.com\/wp-content\/uploads\/2024\/10\/cropped-IMG_3003-180x180.jpg 180w, https:\/\/sachotnumerique.com\/wp-content\/uploads\/2024\/10\/cropped-IMG_3003-32x32.jpg 32w\" sizes=\"auto, (max-width: 512px) 100vw, 512px\" \/><\/a><\/figure>\n","protected":false},"excerpt":{"rendered":"<p>Nous offrons une large gamme de services aux entreprises, associations et organisations gouvernementales, tels que : &#8211; D\u00e9pannage &#8211; Maintenance &#8211; R\u00e9parations &#8211; Installations &#8211; Conseil &#8211; Solutions d&rsquo;impression &#8211; D\u00e9mat\u00e9rialisation &#8211; Gestion des emails, y compris Microsoft Office 365 &#8211; Achat et gestion de smartphones &#8211; R\u00e9daction de proc\u00e9dures et directives num\u00e9riques &#8211; Gestion [&hellip;]<\/p>\n","protected":false},"author":1,"featured_media":112,"parent":0,"menu_order":0,"comment_status":"closed","ping_status":"closed","template":"","meta":{"footnotes":""},"class_list":["post-48","page","type-page","status-publish","has-post-thumbnail","hentry"],"_links":{"self":[{"href":"https:\/\/sachotnumerique.com\/index.php\/wp-json\/wp\/v2\/pages\/48","targetHints":{"allow":["GET"]}}],"collection":[{"href":"https:\/\/sachotnumerique.com\/index.php\/wp-json\/wp\/v2\/pages"}],"about":[{"href":"https:\/\/sachotnumerique.com\/index.php\/wp-json\/wp\/v2\/types\/page"}],"author":[{"embeddable":true,"href":"https:\/\/sachotnumerique.com\/index.php\/wp-json\/wp\/v2\/users\/1"}],"replies":[{"embeddable":true,"href":"https:\/\/sachotnumerique.com\/index.php\/wp-json\/wp\/v2\/comments?post=48"}],"version-history":[{"count":19,"href":"https:\/\/sachotnumerique.com\/index.php\/wp-json\/wp\/v2\/pages\/48\/revisions"}],"predecessor-version":[{"id":381,"href":"https:\/\/sachotnumerique.com\/index.php\/wp-json\/wp\/v2\/pages\/48\/revisions\/381"}],"wp:featuredmedia":[{"embeddable":true,"href":"https:\/\/sachotnumerique.com\/index.php\/wp-json\/wp\/v2\/media\/112"}],"wp:attachment":[{"href":"https:\/\/sachotnumerique.com\/index.php\/wp-json\/wp\/v2\/media?parent=48"}],"curies":[{"name":"wp","href":"https:\/\/api.w.org\/{rel}","templated":true}]}}