{"id":370,"date":"2024-10-26T12:54:48","date_gmt":"2024-10-26T10:54:48","guid":{"rendered":"https:\/\/sachotnumerique.com\/?page_id=370"},"modified":"2024-11-02T11:49:50","modified_gmt":"2024-11-02T10:49:50","slug":"sachot-numerique","status":"publish","type":"page","link":"https:\/\/sachotnumerique.com\/index.php\/sachot-numerique\/","title":{"rendered":"SACHOT num\u00e9rique"},"content":{"rendered":"\n<p>Bas\u00e9e en Vend\u00e9e, notre entreprise de services informatiques et num\u00e9riques propose \u00e9galement des formations professionnelles et des services sp\u00e9cialis\u00e9s en investigation num\u00e9rique des donn\u00e9es.<\/p>\n\n\n\n<p>Avec 22 ans d&rsquo;exp\u00e9rience et une volont\u00e9 constante de servir nos clients dans tous les aspects de l&rsquo;informatique moderne, nous prenons soin aussi bien de leurs smartphones que de leurs ordinateurs (contrairement \u00e0 la plupart de nos concurrents). Notre client\u00e8le se compose principalement de petites entreprises, de professionnels ind\u00e9pendants et d&rsquo;associations. Nous sommes fiers d&rsquo;offrir un service \u00e0 l&rsquo;ancienne, alli\u00e9 aux solutions num\u00e9riques les plus r\u00e9centes.<\/p>\n\n\n\n<p>Nous aimons \u00e9galement travailler avec les particuliers, car cela nous permet de rester proches de la r\u00e9alit\u00e9 quotidienne et apporte une dimension sociale que nous appr\u00e9cions.<\/p>\n\n\n\n<p><\/p>\n","protected":false},"excerpt":{"rendered":"<p>Bas\u00e9e en Vend\u00e9e, notre entreprise de services informatiques et num\u00e9riques propose \u00e9galement des formations professionnelles et des services sp\u00e9cialis\u00e9s en investigation num\u00e9rique des donn\u00e9es. Avec 22 ans d&rsquo;exp\u00e9rience et une volont\u00e9 constante de servir nos clients dans tous les aspects de l&rsquo;informatique moderne, nous prenons soin aussi bien de leurs smartphones que de leurs ordinateurs [&hellip;]<\/p>\n","protected":false},"author":1,"featured_media":0,"parent":0,"menu_order":0,"comment_status":"closed","ping_status":"closed","template":"templates\/template-page-full-width.php","meta":{"footnotes":""},"class_list":["post-370","page","type-page","status-publish","hentry"],"_links":{"self":[{"href":"https:\/\/sachotnumerique.com\/index.php\/wp-json\/wp\/v2\/pages\/370","targetHints":{"allow":["GET"]}}],"collection":[{"href":"https:\/\/sachotnumerique.com\/index.php\/wp-json\/wp\/v2\/pages"}],"about":[{"href":"https:\/\/sachotnumerique.com\/index.php\/wp-json\/wp\/v2\/types\/page"}],"author":[{"embeddable":true,"href":"https:\/\/sachotnumerique.com\/index.php\/wp-json\/wp\/v2\/users\/1"}],"replies":[{"embeddable":true,"href":"https:\/\/sachotnumerique.com\/index.php\/wp-json\/wp\/v2\/comments?post=370"}],"version-history":[{"count":2,"href":"https:\/\/sachotnumerique.com\/index.php\/wp-json\/wp\/v2\/pages\/370\/revisions"}],"predecessor-version":[{"id":397,"href":"https:\/\/sachotnumerique.com\/index.php\/wp-json\/wp\/v2\/pages\/370\/revisions\/397"}],"wp:attachment":[{"href":"https:\/\/sachotnumerique.com\/index.php\/wp-json\/wp\/v2\/media?parent=370"}],"curies":[{"name":"wp","href":"https:\/\/api.w.org\/{rel}","templated":true}]}}