{"id":324,"date":"2024-10-25T16:05:45","date_gmt":"2024-10-25T14:05:45","guid":{"rendered":"https:\/\/sachotnumerique.com\/?page_id=324"},"modified":"2025-10-22T14:38:20","modified_gmt":"2025-10-22T12:38:20","slug":"tarifs-et-prestations-forfaitaires-pro","status":"publish","type":"page","link":"https:\/\/sachotnumerique.com\/index.php\/tarifs-et-prestations-forfaitaires-pro\/","title":{"rendered":"Tarifs &#038; Prestations Forfaitaires PRO"},"content":{"rendered":"\n<p class=\"has-vivid-red-color has-text-color has-link-color wp-elements-ca02ceb8d27daaa604eebed2cb65fb66\"><strong>Nos tarifs sont d\u00e9gressifs, plus juste pour tous.<br>Sans frais de d\u00e9placement et avec notre politique : PAS DE SOLUTION &#8211; PAS DE FACTURE pour vous, nos clients professionnels, vous n&rsquo;avez rien \u00e0 perde.<\/strong><\/p>\n\n\n\n<p class=\"has-black-color has-text-color has-link-color wp-elements-f048d1514a768e60d43042009ea24131\"><strong>Voici nos tarifs pour le support informatique de base<\/strong> :<br><em>Ces tarifs couvrent la plupart des prestations. Dans les cas o\u00f9 des comp\u00e9tences sp\u00e9cialis\u00e9es sont n\u00e9cessaires (par exemple, la r\u00e9cup\u00e9ration de donn\u00e9es ou les enqu\u00eates l\u00e9gales\/forensiques), des co\u00fbts suppl\u00e9mentaires peuvent s&rsquo;appliquer. Nous vous informerons alors \u00e0 l&rsquo;avance et vous fournirons un devis, afin de garantir une transparence totale.<\/em><\/p>\n\n\n\n<p>Conform\u00e9ment \u00e0 notre engagement envers la transparence des prix, nos tarifs pour les professionnels augmenteront l\u00e9g\u00e8rement \u00e0 partir de janvier 2027.<\/p>\n\n\n\n<p class=\"has-large-font-size\"><strong>EN ATELIER :<\/strong> (Tarifs HT)<\/p>\n\n\n\n<figure class=\"wp-block-table alignleft\"><table class=\"has-fixed-layout\"><tbody><tr><td>Jusqu\u2019\u00e0 1 heure :<\/td><td><strong>75\u20ac<\/strong><\/td><\/tr><tr><td>Jusqu\u2019\u00e0 1h30 :&nbsp;&nbsp;<\/td><td><strong>107,50\u20ac<\/strong><\/td><\/tr><tr><td>Jusqu\u2019\u00e0 2 heures :<\/td><td><strong>137,50\u20ac<\/strong><\/td><\/tr><tr><td>Jusqu\u2019\u00e0 2h30 :<\/td><td><strong>165\u20ac<\/strong><\/td><\/tr><tr><td>Jusqu\u2019\u00e0 3 heures :<\/td><td><strong>190\u20ac<\/strong><\/td><\/tr><tr><td>Chaque demi-heure apr\u00e8s 3h&nbsp;:<\/td><td><strong>+25\u20ac<\/strong><\/td><\/tr><\/tbody><\/table><\/figure>\n\n\n\n<p><\/p>\n\n\n\n<p><\/p>\n\n\n\n<p><\/p>\n\n\n\n<p><\/p>\n\n\n\n<p><\/p>\n\n\n\n<p><\/p>\n\n\n\n<p class=\"has-large-font-size\"><strong>SUR PLACE :<\/strong><\/p>\n\n\n\n<figure class=\"wp-block-table alignleft\"><table class=\"has-black-color has-text-color has-link-color has-fixed-layout\"><tbody><tr><td class=\"has-text-align-left\" data-align=\"left\">Jusqu\u2019\u00e0 1 heure :<\/td><td><strong>99\u20ac<\/strong><\/td><\/tr><tr><td class=\"has-text-align-left\" data-align=\"left\">Jusqu\u2019\u00e0 1h30 :<\/td><td><strong>144\u20ac&nbsp;&nbsp;&nbsp;&nbsp;&nbsp;&nbsp;&nbsp;&nbsp;&nbsp;&nbsp;&nbsp;<\/strong><\/td><\/tr><tr><td class=\"has-text-align-left\" data-align=\"left\">Jusqu\u2019\u00e0 2 heures :<\/td><td><strong>186,50\u20ac&nbsp;<\/strong><\/td><\/tr><tr><td class=\"has-text-align-left\" data-align=\"left\">Jusqu\u2019\u00e0 2h30 :&nbsp;<\/td><td><strong>226,50\u20ac<\/strong><\/td><\/tr><tr><td class=\"has-text-align-left\" data-align=\"left\">Jusqu\u2019\u00e0 3 heures :<\/td><td><strong>264\u20ac<\/strong><\/td><\/tr><tr><td class=\"has-text-align-left\" data-align=\"left\">Chaque demi-heure apr\u00e8s 3h&nbsp;:<\/td><td><strong>+35\u20ac<\/strong><\/td><\/tr><tr><td class=\"has-text-align-left\" data-align=\"left\">Frais de d\u00e9placement &lt; 10km<\/td><td><strong>Offert<\/strong><\/td><\/tr><tr><td class=\"has-text-align-left\" data-align=\"left\"><em>&gt; 10 KM<\/em><\/td><td>nos tarifs KM s&rsquo;applique<\/td><\/tr><\/tbody><\/table><\/figure>\n\n\n\n<p><\/p>\n\n\n\n<p><\/p>\n\n\n\n<p><\/p>\n\n\n\n<p><\/p>\n\n\n\n<p><\/p>\n\n\n\n<p><\/p>\n\n\n\n<p><\/p>\n\n\n\n<p>Horaires Professionnels :<\/p>\n\n\n\n<p><strong>Lundi au samedi 09h00 \u2013 18h00<\/strong>.<\/p>\n\n\n\n<p><strong>Tarifs de Services Hors-Horaires<\/strong><\/p>\n\n\n\n<ul class=\"wp-block-list\">\n<li><strong>Hors horaires standard (Lun-Sam)<\/strong> : +75 % du tarif standard<\/li>\n\n\n\n<li><strong>Dimanche<\/strong> : +100 % du tarif standard<\/li>\n\n\n\n<li><strong>Jour f\u00e9ri\u00e9<\/strong> : +150 % du tarif standard<\/li>\n<\/ul>\n\n\n\n<p><strong>Travaux Planifi\u00e9s (R\u00e9serv\u00e9s au moins 14 jours \u00e0 l\u2019avance)<\/strong><\/p>\n\n\n\n<ul class=\"wp-block-list\">\n<li><strong>Lun-Sam<\/strong> : +50 % du tarif standard<\/li>\n\n\n\n<li><strong>Dimanche<\/strong> : +75 % du tarif standard<\/li>\n\n\n\n<li><strong>Jour f\u00e9ri\u00e9<\/strong> : +100 % du tarif standard<\/li>\n<\/ul>\n\n\n\n<div style=\"height:100px\" aria-hidden=\"true\" class=\"wp-block-spacer\"><\/div>\n\n\n\n<h2 class=\"wp-block-heading\">Prestations Forfaitaires PRO :<\/h2>\n\n\n\n<p>(Uniquement en atelier)<\/p>\n\n\n\n<p class=\"has-black-color has-text-color has-link-color wp-elements-f0c972339dcfdb240b6b24278282c363\"><strong>&#8211; Entretien Complet PC \/ PC Portable Pro :<\/strong><br><strong><mark style=\"background-color:rgba(0, 0, 0, 0)\" class=\"has-inline-color has-vivid-red-color\">125 \u20ac<\/mark><\/strong><br><strong>&#8211; Entretien Complet PC \/ PC Portable (Sous domaine) : <\/strong><br><strong><mark style=\"background-color:rgba(0, 0, 0, 0)\" class=\"has-inline-color has-vivid-red-color\">195 \u20ac<\/mark><\/strong><br><mark style=\"background-color:rgba(0, 0, 0, 0)\" class=\"has-inline-color has-cyan-bluish-gray-color\"><em>Collection &amp; Livraison Inclus (&gt;20km)<\/em><br>Plus de 100 points de contr\u00f4le pour optimiser votre ordinateur.<br>Nettoyage &amp; param\u00e9trage complet avec \u00e9limination des virus, logiciels espions et malwares.<br>Optimiser la s\u00e9curit\u00e9 et les performances de votre syst\u00e8me, prolonger sa dur\u00e9e de vie et mieux<br>prot\u00e9ger vos donn\u00e9es. Nettoyage Physique de l\u2019appareil (Int\u00e9rieur &amp; Ext\u00e9rieur) inclus.<br>Sauvegarde de vos donn\u00e9es importantes sur notre serveur s\u00e9curis\u00e9 pendant 6-Mois.<\/mark><\/p>\n\n\n\n<p class=\"has-black-color has-text-color has-link-color wp-elements-3abb3c622cefdb4cf8493d2b418853a5\"><em><mark style=\"background-color:rgba(0, 0, 0, 0)\" class=\"has-inline-color has-cyan-bluish-gray-color\">Effectu\u00e9 dans notre atelier &#8211; Temps de traitement habituel : 48-72 heures.<\/mark><\/em><\/p>\n\n\n\n<p class=\"has-black-color has-text-color has-link-color wp-elements-5ca34f05a0f246620daa76f27a6f6d01\"><strong>&#8211; Changement Batterie PC Portable (Batterie Interne) : <\/strong><br><strong><mark style=\"background-color:rgba(0, 0, 0, 0)\" class=\"has-inline-color has-vivid-red-color\">55\u20ac<\/mark><\/strong><br><em><mark style=\"background-color:rgba(0, 0, 0, 0)\" class=\"has-inline-color has-cyan-bluish-gray-color\">Batterie (fourni par le client ou nous) reste \u00e0 la charge du client.<br>Environ 35\u20ac &#8211; 90\u20ac<\/mark><\/em><\/p>\n\n\n\n<p class=\"has-black-color has-text-color has-link-color wp-elements-8e719193cf570b21cb9b5054a38a7da7\"><strong>&#8211; Transfert des donn\u00e9es &amp; Configuration nouveau PC Portable :<\/strong><br><strong><mark style=\"background-color:rgba(0, 0, 0, 0)\" class=\"has-inline-color has-vivid-red-color\">150\u20ac<\/mark><\/strong><br><em><mark style=\"background-color:rgba(0, 0, 0, 0)\" class=\"has-inline-color has-cyan-bluish-gray-color\">(PC hors domaine)<\/mark><\/em><\/p>\n\n\n\n<p class=\"has-black-color has-text-color has-link-color wp-elements-d81531f99e44ac1de25c6cf42274027d\"><strong>&#8211; Transfert des donn\u00e9es &amp; Configuration nouveau SMARTPHONE :<\/strong><br><strong><mark style=\"background-color:rgba(0, 0, 0, 0)\" class=\"has-inline-color has-vivid-red-color\">125\u20ac<\/mark><\/strong><\/p>\n\n\n\n<p class=\"has-black-color has-text-color has-link-color wp-elements-26e83a37d7c707322281eb636209d71b\"><strong>&#8211; Suppression des donn\u00e9es s\u00e9curis\u00e9e PC \/ SMARTPHONE :<\/strong><br><strong><mark style=\"background-color:rgba(0, 0, 0, 0)\" class=\"has-inline-color has-vivid-red-color\">50\u20ac<\/mark><\/strong><br><mark style=\"background-color:rgba(0, 0, 0, 0)\" class=\"has-inline-color has-cyan-bluish-gray-color\"><em>Avant cession ou Recyclage.<\/em><br>\u2022 Avec Sauvegarde sur Cl\u00e9 USB \/ Disque dur Externe : (hors cl\u00e9 USB \/ disque) 85\u20ac<\/mark><\/p>\n","protected":false},"excerpt":{"rendered":"<p>Nos tarifs sont d\u00e9gressifs, plus juste pour tous.Sans frais de d\u00e9placement et avec notre politique : PAS DE SOLUTION &#8211; PAS DE FACTURE pour vous, nos clients professionnels, vous n&rsquo;avez rien \u00e0 perde. Voici nos tarifs pour le support informatique de base :Ces tarifs couvrent la plupart des prestations. Dans les cas o\u00f9 des comp\u00e9tences [&hellip;]<\/p>\n","protected":false},"author":1,"featured_media":0,"parent":0,"menu_order":0,"comment_status":"closed","ping_status":"closed","template":"templates\/template-page-full-width.php","meta":{"footnotes":""},"class_list":["post-324","page","type-page","status-publish","hentry"],"_links":{"self":[{"href":"https:\/\/sachotnumerique.com\/index.php\/wp-json\/wp\/v2\/pages\/324","targetHints":{"allow":["GET"]}}],"collection":[{"href":"https:\/\/sachotnumerique.com\/index.php\/wp-json\/wp\/v2\/pages"}],"about":[{"href":"https:\/\/sachotnumerique.com\/index.php\/wp-json\/wp\/v2\/types\/page"}],"author":[{"embeddable":true,"href":"https:\/\/sachotnumerique.com\/index.php\/wp-json\/wp\/v2\/users\/1"}],"replies":[{"embeddable":true,"href":"https:\/\/sachotnumerique.com\/index.php\/wp-json\/wp\/v2\/comments?post=324"}],"version-history":[{"count":13,"href":"https:\/\/sachotnumerique.com\/index.php\/wp-json\/wp\/v2\/pages\/324\/revisions"}],"predecessor-version":[{"id":424,"href":"https:\/\/sachotnumerique.com\/index.php\/wp-json\/wp\/v2\/pages\/324\/revisions\/424"}],"wp:attachment":[{"href":"https:\/\/sachotnumerique.com\/index.php\/wp-json\/wp\/v2\/media?parent=324"}],"curies":[{"name":"wp","href":"https:\/\/api.w.org\/{rel}","templated":true}]}}