{"id":249,"date":"2024-10-24T08:49:41","date_gmt":"2024-10-24T06:49:41","guid":{"rendered":"https:\/\/sachotnumerique.com\/?page_id=249"},"modified":"2024-10-26T14:38:07","modified_gmt":"2024-10-26T12:38:07","slug":"offre-entretien-complet-particuliers","status":"publish","type":"page","link":"https:\/\/sachotnumerique.com\/index.php\/offre-entretien-complet-particuliers\/","title":{"rendered":"ENTRETIEN COMPLET 75\u20ac"},"content":{"rendered":"\n<figure class=\"wp-block-video aligncenter\"><video height=\"1080\" style=\"aspect-ratio: 1080 \/ 1080;\" width=\"1080\" controls src=\"http:\/\/sachotnumerique.com\/wp-content\/uploads\/2024\/10\/PC-Lent-.mp4\"><\/video><\/figure>\n\n\n\n<p><strong>Prestation la plus populaire ! \u2013 Prix garanti jusqu\u2019en 2026<\/strong><\/p>\n\n\n\n<p>Plus de <strong>100 <\/strong>points de contr\u00f4le pour optimiser votre ordinateur.<br>Nettoyage et suppression des virus, logiciels espions et malwares.<br>Optimisation de la s\u00e9curit\u00e9, des performances, et protection des donn\u00e9es.<br>Nettoyage physique (int\u00e9rieur &amp; ext\u00e9rieur) inclus.<br>Sauvegarde des donn\u00e9es importantes sur notre serveur s\u00e9curis\u00e9 pendant 6 mois (option gratuite)<br><em>Traitement en atelier : 48-72 heures. Offre r\u00e9serv\u00e9e aux particuliers.<\/em><\/p>\n\n\n\n<p><strong>02 85 85 58 01<\/strong><\/p>\n\n\n<div class=\"wp-block-image is-style-default\">\n<figure class=\"alignleft size-full is-resized\"><a href=\"https:\/\/sachotnumerique.com\/\"><img loading=\"lazy\" decoding=\"async\" width=\"512\" height=\"512\" src=\"http:\/\/sachotnumerique.com\/wp-content\/uploads\/2024\/10\/cropped-IMG_3003.jpg\" alt=\"\" class=\"wp-image-179\" style=\"width:62px;height:auto\" srcset=\"https:\/\/sachotnumerique.com\/wp-content\/uploads\/2024\/10\/cropped-IMG_3003.jpg 512w, https:\/\/sachotnumerique.com\/wp-content\/uploads\/2024\/10\/cropped-IMG_3003-300x300.jpg 300w, https:\/\/sachotnumerique.com\/wp-content\/uploads\/2024\/10\/cropped-IMG_3003-150x150.jpg 150w, https:\/\/sachotnumerique.com\/wp-content\/uploads\/2024\/10\/cropped-IMG_3003-270x270.jpg 270w, https:\/\/sachotnumerique.com\/wp-content\/uploads\/2024\/10\/cropped-IMG_3003-192x192.jpg 192w, https:\/\/sachotnumerique.com\/wp-content\/uploads\/2024\/10\/cropped-IMG_3003-180x180.jpg 180w, https:\/\/sachotnumerique.com\/wp-content\/uploads\/2024\/10\/cropped-IMG_3003-32x32.jpg 32w\" sizes=\"auto, (max-width: 512px) 100vw, 512px\" \/><\/a><\/figure>\n<\/div>\n\n\n<p><\/p>\n","protected":false},"excerpt":{"rendered":"<p>Prestation la plus populaire ! \u2013 Prix garanti jusqu\u2019en 2026 Plus de 100 points de contr\u00f4le pour optimiser votre ordinateur.Nettoyage et suppression des virus, logiciels espions et malwares.Optimisation de la s\u00e9curit\u00e9, des performances, et protection des donn\u00e9es.Nettoyage physique (int\u00e9rieur &amp; ext\u00e9rieur) inclus.Sauvegarde des donn\u00e9es importantes sur notre serveur s\u00e9curis\u00e9 pendant 6 mois (option gratuite)Traitement en [&hellip;]<\/p>\n","protected":false},"author":1,"featured_media":0,"parent":0,"menu_order":0,"comment_status":"closed","ping_status":"closed","template":"templates\/template-page-full-width.php","meta":{"footnotes":""},"class_list":["post-249","page","type-page","status-publish","hentry"],"_links":{"self":[{"href":"https:\/\/sachotnumerique.com\/index.php\/wp-json\/wp\/v2\/pages\/249","targetHints":{"allow":["GET"]}}],"collection":[{"href":"https:\/\/sachotnumerique.com\/index.php\/wp-json\/wp\/v2\/pages"}],"about":[{"href":"https:\/\/sachotnumerique.com\/index.php\/wp-json\/wp\/v2\/types\/page"}],"author":[{"embeddable":true,"href":"https:\/\/sachotnumerique.com\/index.php\/wp-json\/wp\/v2\/users\/1"}],"replies":[{"embeddable":true,"href":"https:\/\/sachotnumerique.com\/index.php\/wp-json\/wp\/v2\/comments?post=249"}],"version-history":[{"count":11,"href":"https:\/\/sachotnumerique.com\/index.php\/wp-json\/wp\/v2\/pages\/249\/revisions"}],"predecessor-version":[{"id":386,"href":"https:\/\/sachotnumerique.com\/index.php\/wp-json\/wp\/v2\/pages\/249\/revisions\/386"}],"wp:attachment":[{"href":"https:\/\/sachotnumerique.com\/index.php\/wp-json\/wp\/v2\/media?parent=249"}],"curies":[{"name":"wp","href":"https:\/\/api.w.org\/{rel}","templated":true}]}}