{"id":239,"date":"2024-10-24T08:29:47","date_gmt":"2024-10-24T06:29:47","guid":{"rendered":"https:\/\/sachotnumerique.com\/?page_id=239"},"modified":"2024-10-26T14:39:30","modified_gmt":"2024-10-26T12:39:30","slug":"pourquoi-sachot-numerique","status":"publish","type":"page","link":"https:\/\/sachotnumerique.com\/index.php\/pourquoi-sachot-numerique\/","title":{"rendered":"Pourquoi nous ?"},"content":{"rendered":"\n<hr class=\"wp-block-separator has-alpha-channel-opacity\"\/>\n\n\n\n<h3 class=\"wp-block-heading\">Pourquoi Nous Choisir ?<\/h3>\n\n\n\n<ul class=\"wp-block-list\">\n<li><strong>22 ans d&rsquo;exp\u00e9rience<\/strong> au service d&rsquo;une tr\u00e8s large gamme de clients, allant des professionnels ind\u00e9pendants aux grandes entreprises, ainsi que des m\u00e9decins, laboratoires, h\u00f4pitaux, forces de l&rsquo;ordre et \u00e9coles. Sans oublier, bien s\u00fbr, les utilisateurs particuliers.<\/li>\n\n\n\n<li><strong>Tarifs \u00e9quitables et d\u00e9gressifs<\/strong> pour tous.<\/li>\n\n\n\n<li><strong>Aucun frais de d\u00e9placement.<\/strong><\/li>\n\n\n\n<li><strong>Un service honn\u00eate et transparent,<\/strong> \u00e0 l&rsquo;ancienne.<\/li>\n\n\n\n<li><strong>Pas de contrats de maintenance<\/strong> avec des obligations d&rsquo;achat.<\/li>\n\n\n\n<li><strong>R\u00e9activit\u00e9 face aux urgences.<\/strong><\/li>\n\n\n\n<li><strong>Des solutions r\u00e9alistes et pratiques<\/strong> pour nos clients.<\/li>\n\n\n\n<li><strong>Pas de solution, pas de facture<\/strong> (clients professionnels).<\/li>\n\n\n\n<li><strong>Disponibilit\u00e9 24h\/24 et 7j\/7<\/strong> pour les clients professionnels (des frais suppl\u00e9mentaires s&rsquo;appliquent).<\/li>\n\n\n\n<li><strong>Un service toujours chaleureux,<\/strong> fond\u00e9 sur la confiance et des objectifs partag\u00e9s.<\/li>\n\n\n\n<li><strong>Des conseils gratuits pour nos clients :<\/strong> que ce soit pour choisir un smartphone, un appareil num\u00e9rique, un PC ou un PC portable, que vous achetiez chez nous ou ailleurs. Nous sommes m\u00eame l\u00e0 pour vous aider \u00e0 choisir des appareils domestiques connect\u00e9s ou des abonnements. Nous sommes toujours ravis de vous accompagner !<\/li>\n<\/ul>\n\n\n<div class=\"wp-block-image is-style-default\">\n<figure class=\"alignleft size-full is-resized\"><a href=\"https:\/\/sachotnumerique.com\/\"><img loading=\"lazy\" decoding=\"async\" width=\"512\" height=\"512\" src=\"http:\/\/sachotnumerique.com\/wp-content\/uploads\/2024\/10\/cropped-IMG_3003.jpg\" alt=\"\" class=\"wp-image-179\" style=\"width:62px;height:auto\" srcset=\"https:\/\/sachotnumerique.com\/wp-content\/uploads\/2024\/10\/cropped-IMG_3003.jpg 512w, https:\/\/sachotnumerique.com\/wp-content\/uploads\/2024\/10\/cropped-IMG_3003-300x300.jpg 300w, https:\/\/sachotnumerique.com\/wp-content\/uploads\/2024\/10\/cropped-IMG_3003-150x150.jpg 150w, https:\/\/sachotnumerique.com\/wp-content\/uploads\/2024\/10\/cropped-IMG_3003-270x270.jpg 270w, https:\/\/sachotnumerique.com\/wp-content\/uploads\/2024\/10\/cropped-IMG_3003-192x192.jpg 192w, https:\/\/sachotnumerique.com\/wp-content\/uploads\/2024\/10\/cropped-IMG_3003-180x180.jpg 180w, https:\/\/sachotnumerique.com\/wp-content\/uploads\/2024\/10\/cropped-IMG_3003-32x32.jpg 32w\" sizes=\"auto, (max-width: 512px) 100vw, 512px\" \/><\/a><\/figure>\n<\/div>","protected":false},"excerpt":{"rendered":"<p>Pourquoi Nous Choisir ?<\/p>\n","protected":false},"author":1,"featured_media":0,"parent":0,"menu_order":0,"comment_status":"closed","ping_status":"closed","template":"templates\/template-page-full-width.php","meta":{"footnotes":""},"class_list":["post-239","page","type-page","status-publish","hentry"],"_links":{"self":[{"href":"https:\/\/sachotnumerique.com\/index.php\/wp-json\/wp\/v2\/pages\/239","targetHints":{"allow":["GET"]}}],"collection":[{"href":"https:\/\/sachotnumerique.com\/index.php\/wp-json\/wp\/v2\/pages"}],"about":[{"href":"https:\/\/sachotnumerique.com\/index.php\/wp-json\/wp\/v2\/types\/page"}],"author":[{"embeddable":true,"href":"https:\/\/sachotnumerique.com\/index.php\/wp-json\/wp\/v2\/users\/1"}],"replies":[{"embeddable":true,"href":"https:\/\/sachotnumerique.com\/index.php\/wp-json\/wp\/v2\/comments?post=239"}],"version-history":[{"count":10,"href":"https:\/\/sachotnumerique.com\/index.php\/wp-json\/wp\/v2\/pages\/239\/revisions"}],"predecessor-version":[{"id":388,"href":"https:\/\/sachotnumerique.com\/index.php\/wp-json\/wp\/v2\/pages\/239\/revisions\/388"}],"wp:attachment":[{"href":"https:\/\/sachotnumerique.com\/index.php\/wp-json\/wp\/v2\/media?parent=239"}],"curies":[{"name":"wp","href":"https:\/\/api.w.org\/{rel}","templated":true}]}}