{"id":175,"date":"2024-10-15T18:53:02","date_gmt":"2024-10-15T16:53:02","guid":{"rendered":"https:\/\/sachotnumerique.com\/?page_id=175"},"modified":"2024-11-02T12:07:35","modified_gmt":"2024-11-02T11:07:35","slug":"contacter-sachot-numerique","status":"publish","type":"page","link":"https:\/\/sachotnumerique.com\/index.php\/contacter-sachot-numerique\/","title":{"rendered":"Contact"},"content":{"rendered":"\n<p>Utilisateurs particuliers et demandes g\u00e9n\u00e9rales : <strong>02 85 85 58 01<\/strong><br><a href=\"mailto:contact@sachotnumerique.com\">contact@sachotnumerique.com<\/a><\/p>\n\n\n\n<p><br>Entreprises et associations : <strong>09 83 83 85 85<\/strong><br><a href=\"mailto:\" data-type=\"mailto\" data-id=\"mailto:\">pro@sachotnumerique.com<\/a><br>Astreinte 24\/7 : 06 69 44 85 85<\/p>\n\n\n\n<p>Atelier de R\u00e9paration &amp; Si\u00e8ge Social :<br><a href=\"https:\/\/www.google.fr\/maps\/place\/SACHOT+num%C3%A9rique\/@46.6726288,-1.2934351,19z\/data=!3m1!4b1!4m6!3m5!1s0x48042976592e49a3:0x621c397ad2a29f0b!8m2!3d46.6726279!4d-1.2927914!16s%2Fg%2F11wg4rlwjl?entry=ttu&amp;g_ep=EgoyMDI0MTAyOS4wIKXMDSoASAFQAw%3D%3D\">6 Place St Jean, 85310 La Chaize-le-Vicomte<\/a><\/p>\n\n\n<div class=\"wp-block-image\">\n<figure class=\"alignleft size-large is-resized\"><a href=\"https:\/\/www.facebook.com\/profile.php?id=61566528887179\"><img loading=\"lazy\" decoding=\"async\" width=\"1024\" height=\"1020\" src=\"https:\/\/sachotnumerique.com\/wp-content\/uploads\/2024\/11\/facebook-circle-logo-png-1024x1020.png\" alt=\"\" class=\"wp-image-403\" style=\"width:100px;height:auto\" srcset=\"https:\/\/sachotnumerique.com\/wp-content\/uploads\/2024\/11\/facebook-circle-logo-png-1024x1020.png 1024w, https:\/\/sachotnumerique.com\/wp-content\/uploads\/2024\/11\/facebook-circle-logo-png-300x300.png 300w, https:\/\/sachotnumerique.com\/wp-content\/uploads\/2024\/11\/facebook-circle-logo-png-150x150.png 150w, https:\/\/sachotnumerique.com\/wp-content\/uploads\/2024\/11\/facebook-circle-logo-png-768x765.png 768w, https:\/\/sachotnumerique.com\/wp-content\/uploads\/2024\/11\/facebook-circle-logo-png-1536x1530.png 1536w, https:\/\/sachotnumerique.com\/wp-content\/uploads\/2024\/11\/facebook-circle-logo-png-2048x2041.png 2048w\" sizes=\"auto, (max-width: 1024px) 100vw, 1024px\" \/><\/a><\/figure>\n<\/div>\n\n<div class=\"wp-block-image\">\n<figure class=\"alignleft size-full is-resized\"><a href=\"https:\/\/wa.me\/33669448585\"><img loading=\"lazy\" decoding=\"async\" width=\"980\" height=\"980\" src=\"https:\/\/sachotnumerique.com\/wp-content\/uploads\/2024\/11\/whatsapp-logo-whatsapp-logo-transparent-whatsapp-icon-transparent-free-free-png.webp\" alt=\"\" class=\"wp-image-405\" style=\"width:112px;height:auto\" srcset=\"https:\/\/sachotnumerique.com\/wp-content\/uploads\/2024\/11\/whatsapp-logo-whatsapp-logo-transparent-whatsapp-icon-transparent-free-free-png.webp 980w, https:\/\/sachotnumerique.com\/wp-content\/uploads\/2024\/11\/whatsapp-logo-whatsapp-logo-transparent-whatsapp-icon-transparent-free-free-png-300x300.webp 300w, https:\/\/sachotnumerique.com\/wp-content\/uploads\/2024\/11\/whatsapp-logo-whatsapp-logo-transparent-whatsapp-icon-transparent-free-free-png-150x150.webp 150w, https:\/\/sachotnumerique.com\/wp-content\/uploads\/2024\/11\/whatsapp-logo-whatsapp-logo-transparent-whatsapp-icon-transparent-free-free-png-768x768.webp 768w\" sizes=\"auto, (max-width: 980px) 100vw, 980px\" \/><\/a><\/figure>\n<\/div>\n\n\n<p class=\"has-white-color has-text-color has-link-color wp-elements-6adb2c71157751c27faf452c362aae9b\">Entreprise Informatique en Vend\u00e9e (85), pr\u00e9s de La Roche-sur-Yon. Sp\u00e9cialistes petites entreprises et associations. <br>D\u00e9pannage, maintenance, installations, ventes, conseil, assistance informatique &amp; num\u00e9rique.<\/p>\n\n\n\n<p><\/p>\n","protected":false},"excerpt":{"rendered":"<p>Utilisateurs particuliers et demandes g\u00e9n\u00e9rales : 02 85 85 58 01contact@sachotnumerique.com Entreprises et associations : 09 83 83 85 85pro@sachotnumerique.comAstreinte 24\/7 : 06 69 44 85 85 Atelier de R\u00e9paration &amp; Si\u00e8ge Social :6 Place St Jean, 85310 La Chaize-le-Vicomte Entreprise Informatique en Vend\u00e9e (85), pr\u00e9s de La Roche-sur-Yon. Sp\u00e9cialistes petites entreprises et associations. D\u00e9pannage, [&hellip;]<\/p>\n","protected":false},"author":1,"featured_media":0,"parent":0,"menu_order":0,"comment_status":"closed","ping_status":"closed","template":"","meta":{"footnotes":""},"class_list":["post-175","page","type-page","status-publish","hentry"],"_links":{"self":[{"href":"https:\/\/sachotnumerique.com\/index.php\/wp-json\/wp\/v2\/pages\/175","targetHints":{"allow":["GET"]}}],"collection":[{"href":"https:\/\/sachotnumerique.com\/index.php\/wp-json\/wp\/v2\/pages"}],"about":[{"href":"https:\/\/sachotnumerique.com\/index.php\/wp-json\/wp\/v2\/types\/page"}],"author":[{"embeddable":true,"href":"https:\/\/sachotnumerique.com\/index.php\/wp-json\/wp\/v2\/users\/1"}],"replies":[{"embeddable":true,"href":"https:\/\/sachotnumerique.com\/index.php\/wp-json\/wp\/v2\/comments?post=175"}],"version-history":[{"count":11,"href":"https:\/\/sachotnumerique.com\/index.php\/wp-json\/wp\/v2\/pages\/175\/revisions"}],"predecessor-version":[{"id":408,"href":"https:\/\/sachotnumerique.com\/index.php\/wp-json\/wp\/v2\/pages\/175\/revisions\/408"}],"wp:attachment":[{"href":"https:\/\/sachotnumerique.com\/index.php\/wp-json\/wp\/v2\/media?parent=175"}],"curies":[{"name":"wp","href":"https:\/\/api.w.org\/{rel}","templated":true}]}}